{"id":132,"date":"2020-09-29T05:09:02","date_gmt":"2020-09-29T05:09:02","guid":{"rendered":"https:\/\/socenne.org.br\/?page_id=132"},"modified":"2023-02-01T05:18:37","modified_gmt":"2023-02-01T02:18:37","slug":"eventos","status":"publish","type":"page","link":"https:\/\/socenne.org.br\/?page_id=132","title":{"rendered":"Eventos"},"content":{"rendered":"\t\t<div data-elementor-type=\"wp-page\" data-elementor-id=\"132\" class=\"elementor elementor-132\">\n\t\t\t\t\t\t\t\t\t<section class=\"elementor-section elementor-top-section elementor-element elementor-element-731aea7 elementor-section-boxed elementor-section-height-default elementor-section-height-default\" data-id=\"731aea7\" data-element_type=\"section\" data-settings=\"{&quot;background_background&quot;:&quot;classic&quot;}\">\n\t\t\t\t\t\t\t<div class=\"elementor-background-overlay\"><\/div>\n\t\t\t\t\t\t\t<div class=\"elementor-container elementor-column-gap-no\">\n\t\t\t\t\t<div class=\"elementor-column elementor-col-100 elementor-top-column elementor-element elementor-element-804eec3\" data-id=\"804eec3\" data-element_type=\"column\">\n\t\t\t<div class=\"elementor-widget-wrap elementor-element-populated\">\n\t\t\t\t\t\t\t\t<div class=\"elementor-element elementor-element-c2e20c6 elementor-widget elementor-widget-heading\" data-id=\"c2e20c6\" data-element_type=\"widget\" data-widget_type=\"heading.default\">\n\t\t\t\t<div class=\"elementor-widget-container\">\n\t\t\t<style>\/*! elementor - v3.10.2 - 29-01-2023 *\/\n.elementor-heading-title{padding:0;margin:0;line-height:1}.elementor-widget-heading .elementor-heading-title[class*=elementor-size-]>a{color:inherit;font-size:inherit;line-height:inherit}.elementor-widget-heading .elementor-heading-title.elementor-size-small{font-size:15px}.elementor-widget-heading .elementor-heading-title.elementor-size-medium{font-size:19px}.elementor-widget-heading .elementor-heading-title.elementor-size-large{font-size:29px}.elementor-widget-heading .elementor-heading-title.elementor-size-xl{font-size:39px}.elementor-widget-heading .elementor-heading-title.elementor-size-xxl{font-size:59px}<\/style><h1 class=\"elementor-heading-title elementor-size-default\">Eventos j\u00e1 realizados<\/h1>\t\t<\/div>\n\t\t\t\t<\/div>\n\t\t\t\t<div class=\"elementor-element elementor-element-affb1f4 elementor-widget elementor-widget-text-editor\" data-id=\"affb1f4\" data-element_type=\"widget\" data-widget_type=\"text-editor.default\">\n\t\t\t\t<div class=\"elementor-widget-container\">\n\t\t\t<style>\/*! elementor - v3.10.2 - 29-01-2023 *\/\n.elementor-widget-text-editor.elementor-drop-cap-view-stacked .elementor-drop-cap{background-color:#818a91;color:#fff}.elementor-widget-text-editor.elementor-drop-cap-view-framed .elementor-drop-cap{color:#818a91;border:3px solid;background-color:transparent}.elementor-widget-text-editor:not(.elementor-drop-cap-view-default) .elementor-drop-cap{margin-top:8px}.elementor-widget-text-editor:not(.elementor-drop-cap-view-default) .elementor-drop-cap-letter{width:1em;height:1em}.elementor-widget-text-editor .elementor-drop-cap{float:left;text-align:center;line-height:1;font-size:50px}.elementor-widget-text-editor .elementor-drop-cap-letter{display:inline-block}<\/style>\t\t\t\t<p>Confira aqui alguns das novas palestras, eventos e confraterniza\u00e7\u00f5es que j\u00e1 foram realizadas pela SOCENNE.<\/p>\t\t\t\t\t\t<\/div>\n\t\t\t\t<\/div>\n\t\t\t\t\t<\/div>\n\t\t<\/div>\n\t\t\t\t\t\t\t<\/div>\n\t\t<\/section>\n\t\t\t\t<section class=\"elementor-section elementor-top-section elementor-element elementor-element-1848d8a elementor-section-boxed elementor-section-height-default elementor-section-height-default\" data-id=\"1848d8a\" data-element_type=\"section\" data-settings=\"{&quot;background_background&quot;:&quot;classic&quot;}\">\n\t\t\t\t\t\t\t<div class=\"elementor-background-overlay\"><\/div>\n\t\t\t\t\t\t\t<div class=\"elementor-container elementor-column-gap-default\">\n\t\t\t\t\t<div class=\"elementor-column elementor-col-100 elementor-top-column elementor-element elementor-element-c0e2df3\" data-id=\"c0e2df3\" data-element_type=\"column\">\n\t\t\t<div class=\"elementor-widget-wrap elementor-element-populated\">\n\t\t\t\t\t\t\t\t<div class=\"elementor-element elementor-element-91685f6 tpg-wrapper-align-center title-default title_position_default title_hover_border_default img_hover_animation_default grid-hover-overlay-type-always tpg-el-box-border-enable elementor-widget elementor-widget-tpg-grid-layout\" data-id=\"91685f6\" data-element_type=\"widget\" data-widget_type=\"tpg-grid-layout.default\">\n\t\t\t\t<div class=\"elementor-widget-container\">\n\t\t\t        <div class=\"rt-container-fluid rt-tpg-container tpg-el-main-wrapper clearfix grid-layout4-main\"\r\n             id=\"rt-tpg-container-2855734901\"\r\n             data-layout=\"grid-layout4\"\r\n             data-grid-style=\"tpg-full-height\"\r\n             data-sc-id=\"elementor\"\r\n             data-el-settings=''\r\n             data-el-query=''\r\n             data-el-path=''\r\n        >\r\n\r\n\r\n\t\t\t<div class='tpg-header-wrapper '><\/div>\r\n            <div data-title=\"Loading ...\" class=\"rt-row rt-content-loader grid-layout4 grid-behaviour tpg-full-height grid_layout_wrapper\">\r\n\t\t\t\t\r\n<div class=\"rt-col-md-4 rt-col-sm-6 rt-col-xs-12 default rt-grid-item\" data-id=\"614\">\r\n\t<div class=\"rt-holder tpg-post-holder\">\r\n\t\t<div class=\"rt-detail rt-el-content-wrapper\">\r\n\t\t\t\t\t\t\t<div class=\"rt-img-holder tpg-el-image-wrap has-thumbnail\">\r\n\t\t\t\t\t<a data-id=\"614\" href=\"https:\/\/socenne.org.br\/?p=614\" class=\"tpg-post-link\" target=\"_self\">                        <img decoding=\"async\" loading=\"lazy\" src=\"https:\/\/socenne.org.br\/wp-content\/uploads\/2023\/02\/Quinta-Socenne-AVC.jpeg\"\r\n                             class=\"rt-img-responsive\"\r\n                             width=\"280\"\r\n                             height=\"280\"\r\n                             alt=\"QUINTA SOCENNE &#8211; AVC\">\r\n\t\t\t\t\t\t\r\n\t\t\t\t\t\t\t\r\n\t\t<\/a>\r\n\t\t        <div class=\"overlay grid-hover-content\"><\/div>\r\n\t\t\t\t\t\t<\/div>\r\n\t\t\t\r\n\t\t\t<div class=\"entry-title-wrapper\"><h4 class=\"entry-title\"><a data-id=\"614\" href=\"https:\/\/socenne.org.br\/?p=614\" class=\"tpg-post-link\" target=\"_self\">QUINTA SOCENNE &#8211; AVC<\/a><\/h4><\/div>\r\n\t\t\t\r\n\t\t\t\r\n\t\t\t\t\t<\/div>\r\n\t<\/div>\r\n<\/div>\r\n\r\n<div class=\"rt-col-md-4 rt-col-sm-6 rt-col-xs-12 default rt-grid-item\" data-id=\"611\">\r\n\t<div class=\"rt-holder tpg-post-holder\">\r\n\t\t<div class=\"rt-detail rt-el-content-wrapper\">\r\n\t\t\t\t\t\t\t<div class=\"rt-img-holder tpg-el-image-wrap has-thumbnail\">\r\n\t\t\t\t\t<a data-id=\"611\" href=\"https:\/\/socenne.org.br\/?p=611\" class=\"tpg-post-link\" target=\"_self\">                        <img decoding=\"async\" loading=\"lazy\" src=\"https:\/\/socenne.org.br\/wp-content\/uploads\/2023\/02\/Confraternizacao-Socenne-2019.jpeg\"\r\n                             class=\"rt-img-responsive\"\r\n                             width=\"280\"\r\n                             height=\"280\"\r\n                             alt=\"CONFRATERNIZA\u00c7\u00c3O SOCENNE 2019\">\r\n\t\t\t\t\t\t\r\n\t\t\t\t\t\t\t\r\n\t\t<\/a>\r\n\t\t        <div class=\"overlay grid-hover-content\"><\/div>\r\n\t\t\t\t\t\t<\/div>\r\n\t\t\t\r\n\t\t\t<div class=\"entry-title-wrapper\"><h4 class=\"entry-title\"><a data-id=\"611\" href=\"https:\/\/socenne.org.br\/?p=611\" class=\"tpg-post-link\" target=\"_self\">CONFRATERNIZA\u00c7\u00c3O SOCENNE 2019<\/a><\/h4><\/div>\r\n\t\t\t\r\n\t\t\t\r\n\t\t\t\t\t<\/div>\r\n\t<\/div>\r\n<\/div>\r\n\r\n<div class=\"rt-col-md-4 rt-col-sm-6 rt-col-xs-12 default rt-grid-item\" data-id=\"608\">\r\n\t<div class=\"rt-holder tpg-post-holder\">\r\n\t\t<div class=\"rt-detail rt-el-content-wrapper\">\r\n\t\t\t\t\t\t\t<div class=\"rt-img-holder tpg-el-image-wrap has-thumbnail\">\r\n\t\t\t\t\t<a data-id=\"608\" href=\"https:\/\/socenne.org.br\/?p=608\" class=\"tpg-post-link\" target=\"_self\">                        <img decoding=\"async\" loading=\"lazy\" src=\"https:\/\/socenne.org.br\/wp-content\/uploads\/2023\/02\/1-Simposio-Cearence-de-Leucodistrofias.jpeg\"\r\n                             class=\"rt-img-responsive\"\r\n                             width=\"280\"\r\n                             height=\"280\"\r\n                             alt=\"1 SIMP\u00d3SIO CEARENCE DE LEUCODISTROFIAS\">\r\n\t\t\t\t\t\t\r\n\t\t\t\t\t\t\t\r\n\t\t<\/a>\r\n\t\t        <div class=\"overlay grid-hover-content\"><\/div>\r\n\t\t\t\t\t\t<\/div>\r\n\t\t\t\r\n\t\t\t<div class=\"entry-title-wrapper\"><h4 class=\"entry-title\"><a data-id=\"608\" href=\"https:\/\/socenne.org.br\/?p=608\" class=\"tpg-post-link\" target=\"_self\">1 SIMP\u00d3SIO CEARENCE DE LEUCODISTROFIAS<\/a><\/h4><\/div>\r\n\t\t\t\r\n\t\t\t\r\n\t\t\t\t\t<\/div>\r\n\t<\/div>\r\n<\/div>\r\n\r\n<div class=\"rt-col-md-4 rt-col-sm-6 rt-col-xs-12 default rt-grid-item\" data-id=\"605\">\r\n\t<div class=\"rt-holder tpg-post-holder\">\r\n\t\t<div class=\"rt-detail rt-el-content-wrapper\">\r\n\t\t\t\t\t\t\t<div class=\"rt-img-holder tpg-el-image-wrap has-thumbnail\">\r\n\t\t\t\t\t<a data-id=\"605\" href=\"https:\/\/socenne.org.br\/?p=605\" class=\"tpg-post-link\" target=\"_self\">                        <img decoding=\"async\" loading=\"lazy\" src=\"https:\/\/socenne.org.br\/wp-content\/uploads\/2023\/02\/8o-CONGRESSO-CEARENSE-DE-NEUROLOGIA-E-NEUROCIRURGIA.jpeg\"\r\n                             class=\"rt-img-responsive\"\r\n                             width=\"280\"\r\n                             height=\"280\"\r\n                             alt=\"8\u00ba CONGRESSO CEARENSE DE NEUROLOGIA E NEUROCIRURGIA\">\r\n\t\t\t\t\t\t\r\n\t\t\t\t\t\t\t\r\n\t\t<\/a>\r\n\t\t        <div class=\"overlay grid-hover-content\"><\/div>\r\n\t\t\t\t\t\t<\/div>\r\n\t\t\t\r\n\t\t\t<div class=\"entry-title-wrapper\"><h4 class=\"entry-title\"><a data-id=\"605\" href=\"https:\/\/socenne.org.br\/?p=605\" class=\"tpg-post-link\" target=\"_self\">8\u00ba CONGRESSO CEARENSE DE NEUROLOGIA E NEUROCIRURGIA<\/a><\/h4><\/div>\r\n\t\t\t\r\n\t\t\t\r\n\t\t\t\t\t<\/div>\r\n\t<\/div>\r\n<\/div>\r\n\r\n<div class=\"rt-col-md-4 rt-col-sm-6 rt-col-xs-12 default rt-grid-item\" data-id=\"602\">\r\n\t<div class=\"rt-holder tpg-post-holder\">\r\n\t\t<div class=\"rt-detail rt-el-content-wrapper\">\r\n\t\t\t\t\t\t\t<div class=\"rt-img-holder tpg-el-image-wrap has-thumbnail\">\r\n\t\t\t\t\t<a data-id=\"602\" href=\"https:\/\/socenne.org.br\/?p=602\" class=\"tpg-post-link\" target=\"_self\">                        <img decoding=\"async\" loading=\"lazy\" src=\"https:\/\/socenne.org.br\/wp-content\/uploads\/2023\/02\/QUINTA-SOCENNE-MIELOPATIAS-VASCULARES.jpeg\"\r\n                             class=\"rt-img-responsive\"\r\n                             width=\"280\"\r\n                             height=\"280\"\r\n                             alt=\"QUINTA SOCENNE &#8211; MIELOPATIAS VASCULARES\">\r\n\t\t\t\t\t\t\r\n\t\t\t\t\t\t\t\r\n\t\t<\/a>\r\n\t\t        <div class=\"overlay grid-hover-content\"><\/div>\r\n\t\t\t\t\t\t<\/div>\r\n\t\t\t\r\n\t\t\t<div class=\"entry-title-wrapper\"><h4 class=\"entry-title\"><a data-id=\"602\" href=\"https:\/\/socenne.org.br\/?p=602\" class=\"tpg-post-link\" target=\"_self\">QUINTA SOCENNE &#8211; MIELOPATIAS VASCULARES<\/a><\/h4><\/div>\r\n\t\t\t\r\n\t\t\t\r\n\t\t\t\t\t<\/div>\r\n\t<\/div>\r\n<\/div>\r\n\r\n<div class=\"rt-col-md-4 rt-col-sm-6 rt-col-xs-12 default rt-grid-item\" data-id=\"596\">\r\n\t<div class=\"rt-holder tpg-post-holder\">\r\n\t\t<div class=\"rt-detail rt-el-content-wrapper\">\r\n\t\t\t\t\t\t\t<div class=\"rt-img-holder tpg-el-image-wrap has-thumbnail\">\r\n\t\t\t\t\t<a data-id=\"596\" href=\"https:\/\/socenne.org.br\/?p=596\" class=\"tpg-post-link\" target=\"_self\">                        <img decoding=\"async\" loading=\"lazy\" src=\"https:\/\/socenne.org.br\/wp-content\/uploads\/2023\/02\/QUINTAS-SOCENNE-ESPASMO-HEMIFACIAL.jpeg\"\r\n                             class=\"rt-img-responsive\"\r\n                             width=\"280\"\r\n                             height=\"280\"\r\n                             alt=\"QUINTAS SOCENNE &#8211; ESPASMO HEMIFACIAL\">\r\n\t\t\t\t\t\t\r\n\t\t\t\t\t\t\t\r\n\t\t<\/a>\r\n\t\t        <div class=\"overlay grid-hover-content\"><\/div>\r\n\t\t\t\t\t\t<\/div>\r\n\t\t\t\r\n\t\t\t<div class=\"entry-title-wrapper\"><h4 class=\"entry-title\"><a data-id=\"596\" href=\"https:\/\/socenne.org.br\/?p=596\" class=\"tpg-post-link\" target=\"_self\">QUINTAS SOCENNE &#8211; ESPASMO HEMIFACIAL<\/a><\/h4><\/div>\r\n\t\t\t\r\n\t\t\t\r\n\t\t\t\t\t<\/div>\r\n\t<\/div>\r\n<\/div>\r\n            <\/div>\r\n\t\t\t<div class='rt-pagination-wrap' data-total-pages='4' data-posts-per-page='6' data-type='pagination'><div class=\"rt-pagination\"><ul class=\"pagination-list\"><li class=\"active\"><span>1<\/span><\/li><li><a data-paged='2' href='https:\/\/socenne.org.br\/index.php?rest_route=%2Fwp%2Fv2%2Fpages%2F132&#038;paged=2'>2<\/a><\/li><li><a data-paged='3' href='https:\/\/socenne.org.br\/index.php?rest_route=%2Fwp%2Fv2%2Fpages%2F132&#038;paged=3'>3<\/a><\/li><li><a data-paged='4' href='https:\/\/socenne.org.br\/index.php?rest_route=%2Fwp%2Fv2%2Fpages%2F132&#038;paged=4'>4<\/a><\/li><\/ul><\/div><\/div>\r\n        <\/div>\r\n\t\t\t\t<\/div>\n\t\t\t\t<\/div>\n\t\t\t\t\t<\/div>\n\t\t<\/div>\n\t\t\t\t\t\t\t<\/div>\n\t\t<\/section>\n\t\t\t\t\t\t\t<\/div>\n\t\t","protected":false},"excerpt":{"rendered":"<p>Eventos j\u00e1 realizados Confira aqui alguns das novas palestras, eventos e confraterniza\u00e7\u00f5es que j\u00e1 foram realizadas pela SOCENNE. QUINTA SOCENNE &#8211; AVC CONFRATERNIZA\u00c7\u00c3O SOCENNE 2019 1 SIMP\u00d3SIO CEARENCE DE LEUCODISTROFIAS 8\u00ba CONGRESSO CEARENSE DE NEUROLOGIA E NEUROCIRURGIA QUINTA SOCENNE &#8211; MIELOPATIAS VASCULARES QUINTAS SOCENNE &#8211; ESPASMO HEMIFACIAL 1 2 3 4<\/p>\n","protected":false},"author":1,"featured_media":0,"parent":0,"menu_order":0,"comment_status":"closed","ping_status":"closed","template":"","meta":{"site-sidebar-layout":"no-sidebar","site-content-layout":"page-builder","ast-global-header-display":"","ast-main-header-display":"","ast-hfb-above-header-display":"","ast-hfb-below-header-display":"","ast-hfb-mobile-header-display":"","site-post-title":"disabled","ast-breadcrumbs-content":"","ast-featured-img":"disabled","footer-sml-layout":"","theme-transparent-header-meta":"enabled","adv-header-id-meta":"","stick-header-meta":"","header-above-stick-meta":"","header-main-stick-meta":"","header-below-stick-meta":""},"rttpg_featured_image_url":null,"rttpg_author":{"display_name":"contato@acertocomunicacao.com.br","author_link":"https:\/\/socenne.org.br\/?author=1"},"rttpg_comment":0,"rttpg_category":"","rttpg_excerpt":"Eventos j\u00e1 realizados Confira aqui alguns das novas palestras, eventos e confraterniza\u00e7\u00f5es que j\u00e1 foram realizadas pela SOCENNE. QUINTA SOCENNE &#8211; AVC CONFRATERNIZA\u00c7\u00c3O SOCENNE 2019 1 SIMP\u00d3SIO CEARENCE DE LEUCODISTROFIAS 8\u00ba CONGRESSO CEARENSE DE NEUROLOGIA E NEUROCIRURGIA QUINTA SOCENNE &#8211; MIELOPATIAS VASCULARES QUINTAS SOCENNE &#8211; ESPASMO HEMIFACIAL 1 2 3 4","_links":{"self":[{"href":"https:\/\/socenne.org.br\/index.php?rest_route=\/wp\/v2\/pages\/132"}],"collection":[{"href":"https:\/\/socenne.org.br\/index.php?rest_route=\/wp\/v2\/pages"}],"about":[{"href":"https:\/\/socenne.org.br\/index.php?rest_route=\/wp\/v2\/types\/page"}],"author":[{"embeddable":true,"href":"https:\/\/socenne.org.br\/index.php?rest_route=\/wp\/v2\/users\/1"}],"replies":[{"embeddable":true,"href":"https:\/\/socenne.org.br\/index.php?rest_route=%2Fwp%2Fv2%2Fcomments&post=132"}],"version-history":[{"count":49,"href":"https:\/\/socenne.org.br\/index.php?rest_route=\/wp\/v2\/pages\/132\/revisions"}],"predecessor-version":[{"id":771,"href":"https:\/\/socenne.org.br\/index.php?rest_route=\/wp\/v2\/pages\/132\/revisions\/771"}],"wp:attachment":[{"href":"https:\/\/socenne.org.br\/index.php?rest_route=%2Fwp%2Fv2%2Fmedia&parent=132"}],"curies":[{"name":"wp","href":"https:\/\/api.w.org\/{rel}","templated":true}]}}